{"id":908,"date":"2020-10-16T23:33:07","date_gmt":"2020-10-16T21:33:07","guid":{"rendered":"https:\/\/3skss.cz\/?page_id=907"},"modified":"2022-11-03T20:26:26","modified_gmt":"2022-11-03T20:26:26","slug":"o-nas","status":"publish","type":"page","link":"https:\/\/www.3skss.cz\/index.php\/o-nas\/","title":{"rendered":"O n\u00e1s"},"content":{"rendered":"\t\t<div data-elementor-type=\"wp-page\" data-elementor-id=\"908\" class=\"elementor elementor-908\" data-elementor-settings=\"[]\">\n\t\t\t\t\t\t\t<div class=\"elementor-section-wrap\">\n\t\t\t\t\t\t\t<section class=\"elementor-section elementor-top-section elementor-element elementor-element-f57485a elementor-section-boxed elementor-section-height-default elementor-section-height-default\" data-id=\"f57485a\" data-element_type=\"section\">\n\t\t\t\t\t\t<div class=\"elementor-container elementor-column-gap-default\">\n\t\t\t\t\t<div class=\"elementor-column elementor-col-100 elementor-top-column elementor-element elementor-element-c60f29b\" data-id=\"c60f29b\" data-element_type=\"column\">\n\t\t\t<div class=\"elementor-widget-wrap elementor-element-populated\">\n\t\t\t\t\t\t\t\t<div class=\"elementor-element elementor-element-cd2c41f elementor-widget elementor-widget-text-editor\" data-id=\"cd2c41f\" data-element_type=\"widget\" data-widget_type=\"text-editor.default\">\n\t\t\t\t<div class=\"elementor-widget-container\">\n\t\t\t\t\t\t\t\t<h2><span style=\"color: #ffffff;\"><span style=\"color: #99ccff;\">Chce\u0161 se o na\u0161\u00ed skupin\u011b dozv\u011bd\u011bt v\u00edce? Tak nev\u00e1hej<\/span> <span style=\"color: #99ccff;\">a \u010dti d\u00e1l <\/span><\/span><span style=\"color: #99ccff;\">&#8230;<\/span><\/h2>\n<p><!-- \/wp:heading --><!-- wp:paragraph --><\/p>\n<h5><span style=\"font-weight: 400;\">3.skss.\u00a0<\/span><\/h5>\n<h5><span style=\"font-weight: 400;\">Komunita, kde m\u00e1 ka\u017ed\u00fd zku\u0161en\u00fd hr\u00e1\u010d \u0161anci uk\u00e1zat co um\u00ed a nov\u00e1\u010dek zde najde \u0161anci nau\u010dit se v\u011bcem, kter\u00e9 ho mohu zaj\u00edmat. <\/span><span style=\"font-weight: 400;\">CLS\/TCCC kurz, Leadership kurz, \u010di Leteck\u00fd a nebo CAS \/ TACP JTAC<\/span><span style=\"font-weight: 400;\"> kurz, to v\u0161e ti m\u016f\u017eeme nab\u00eddnout. M\u016f\u017ee\u0161 d\u011blat co bude\u0161 cht\u00edt a co t\u011b bude bavit.\u00a0<\/span><\/h5>\n<h5><span style=\"font-weight: 400;\">Jeliko\u017e je pro n\u00e1s ka\u017ed\u00fd \u010dlen, ale i nov\u00e1\u010dek velice cenn\u00fd, m\u016f\u017ee\u0161 se spolehnout, \u017ee si personalisti vy\u010dlen\u00ed dostatek \u010dasu na to ti pomoci se v\u0161\u00edm, co by se mohlo na za\u010d\u00e1tku tv\u00e9 kari\u00e9ry vyskytnout.<\/span><\/h5>\n<h5><span style=\"font-weight: 400;\">Rozhodn\u011b t\u011b v tom samotn\u00e9ho nenech\u00e1me.\u00a0<\/span><\/h5>\n<h5><span style=\"font-weight: 400;\">Nyn\u00ed u\u017e sta\u010d\u00ed vyplnit jen p\u0159ihl\u00e1\u0161ku a \u010dekat na kontakt od personalisty. Pokud v\u0161ak je\u0161t\u011b v\u00e1h\u00e1\u0161, ur\u010dit\u011b se neost\u00fdchej pod\u00edvat se na na\u0161e videa z hran\u00ed a nebo n\u00e1s rovnou kontaktuj na Discordu. P\u0159eci jen, kdy\u017e nejsme to co hled\u00e1\u0161, r\u00e1di ti doporu\u010d\u00edme kolegy na CZ\/SK arma sc\u00e9n\u011b, kte\u0159\u00ed ti budou sed\u011bt v\u00edce.\u00a0<\/span><\/h5>\n<h5><span style=\"font-weight: 400;\">T\u011b\u0161\u00edme se. Arm\u011b zdar!\u00a0<\/span><\/h5>\n<h5><em>Pjoczech &#8211; Velitel jednotky<\/em><\/h5>\t\t\t\t\t\t<\/div>\n\t\t\t\t<\/div>\n\t\t\t\t\t<\/div>\n\t\t<\/div>\n\t\t\t\t\t\t\t<\/div>\n\t\t<\/section>\n\t\t\t\t<section class=\"elementor-section elementor-top-section elementor-element elementor-element-447b64e elementor-section-boxed elementor-section-height-default elementor-section-height-default\" data-id=\"447b64e\" data-element_type=\"section\">\n\t\t\t\t\t\t<div class=\"elementor-container elementor-column-gap-default\">\n\t\t\t\t\t<div class=\"elementor-column elementor-col-100 elementor-top-column elementor-element elementor-element-aac95d4\" data-id=\"aac95d4\" data-element_type=\"column\">\n\t\t\t<div class=\"elementor-widget-wrap elementor-element-populated\">\n\t\t\t\t\t\t\t\t<div class=\"elementor-element elementor-element-02d707d elementor-arrows-position-inside elementor-pagination-position-outside elementor-widget elementor-widget-image-carousel\" data-id=\"02d707d\" data-element_type=\"widget\" data-settings=\"{&quot;navigation&quot;:&quot;both&quot;,&quot;autoplay&quot;:&quot;yes&quot;,&quot;pause_on_hover&quot;:&quot;yes&quot;,&quot;pause_on_interaction&quot;:&quot;yes&quot;,&quot;autoplay_speed&quot;:5000,&quot;infinite&quot;:&quot;yes&quot;,&quot;speed&quot;:500}\" data-widget_type=\"image-carousel.default\">\n\t\t\t\t<div class=\"elementor-widget-container\">\n\t\t\t\t\t<div class=\"elementor-image-carousel-wrapper swiper-container\" dir=\"ltr\">\n\t\t\t<div class=\"elementor-image-carousel swiper-wrapper\">\n\t\t\t\t<div class=\"swiper-slide\"><figure class=\"swiper-slide-inner\"><img class=\"swiper-slide-image\" src=\"https:\/\/www.3skss.cz\/wp-content\/uploads\/2022\/01\/20211225202838_1-copy-2048x1152.jpg\" alt=\"20211225202838_1 copy\" \/><\/figure><\/div><div class=\"swiper-slide\"><figure class=\"swiper-slide-inner\"><img class=\"swiper-slide-image\" src=\"https:\/\/www.3skss.cz\/wp-content\/uploads\/2022\/01\/20220113170253_1-2048x1152.jpg\" alt=\"20220113170253_1\" \/><\/figure><\/div><div class=\"swiper-slide\"><figure class=\"swiper-slide-inner\"><img class=\"swiper-slide-image\" src=\"https:\/\/www.3skss.cz\/wp-content\/uploads\/2022\/01\/20211217164832_1-copy-2048x1152.jpg\" alt=\"20211217164832_1 copy\" \/><\/figure><\/div><div class=\"swiper-slide\"><figure class=\"swiper-slide-inner\"><img class=\"swiper-slide-image\" src=\"https:\/\/www.3skss.cz\/wp-content\/uploads\/2022\/01\/20211225195215_1-2048x1152.jpg\" alt=\"20211225195215_1\" \/><\/figure><\/div><div class=\"swiper-slide\"><figure class=\"swiper-slide-inner\"><img class=\"swiper-slide-image\" src=\"https:\/\/www.3skss.cz\/wp-content\/uploads\/2022\/01\/20211225203932_1-2048x1152.jpg\" alt=\"20211225203932_1\" \/><\/figure><\/div><div class=\"swiper-slide\"><figure class=\"swiper-slide-inner\"><img class=\"swiper-slide-image\" src=\"https:\/\/www.3skss.cz\/wp-content\/uploads\/2022\/01\/20220113170908_1-2048x1152.jpg\" alt=\"20220113170908_1\" \/><\/figure><\/div><div class=\"swiper-slide\"><figure class=\"swiper-slide-inner\"><img class=\"swiper-slide-image\" src=\"https:\/\/www.3skss.cz\/wp-content\/uploads\/2022\/01\/20211205144825_1-2048x1152.jpg\" alt=\"20211205144825_1\" \/><\/figure><\/div><div class=\"swiper-slide\"><figure class=\"swiper-slide-inner\"><img class=\"swiper-slide-image\" src=\"https:\/\/www.3skss.cz\/wp-content\/uploads\/2022\/01\/20211127112750_1-2048x1152.jpg\" alt=\"20211127112750_1\" \/><\/figure><\/div><div class=\"swiper-slide\"><figure class=\"swiper-slide-inner\"><img class=\"swiper-slide-image\" src=\"https:\/\/www.3skss.cz\/wp-content\/uploads\/2022\/01\/20211217164628_1-2048x1152.png\" alt=\"20211217164628_1\" \/><\/figure><\/div>\t\t\t<\/div>\n\t\t\t\t\t\t\t\t\t\t\t\t<div class=\"swiper-pagination\"><\/div>\n\t\t\t\t\t\t\t\t\t\t\t\t\t<div class=\"elementor-swiper-button elementor-swiper-button-prev\">\n\t\t\t\t\t\t<i class=\"eicon-chevron-left\" aria-hidden=\"true\"><\/i>\n\t\t\t\t\t\t<span class=\"elementor-screen-only\">P\u0159edchoz\u00ed<\/span>\n\t\t\t\t\t<\/div>\n\t\t\t\t\t<div class=\"elementor-swiper-button elementor-swiper-button-next\">\n\t\t\t\t\t\t<i class=\"eicon-chevron-right\" aria-hidden=\"true\"><\/i>\n\t\t\t\t\t\t<span class=\"elementor-screen-only\">Dal\u0161\u00ed<\/span>\n\t\t\t\t\t<\/div>\n\t\t\t\t\t\t\t\t\t<\/div>\n\t\t\t\t<\/div>\n\t\t\t\t<\/div>\n\t\t\t\t\t<\/div>\n\t\t<\/div>\n\t\t\t\t\t\t\t<\/div>\n\t\t<\/section>\n\t\t\t\t<section class=\"elementor-section elementor-top-section elementor-element elementor-element-a8d2ea7 elementor-section-boxed elementor-section-height-default elementor-section-height-default\" data-id=\"a8d2ea7\" data-element_type=\"section\">\n\t\t\t\t\t\t<div class=\"elementor-container elementor-column-gap-default\">\n\t\t\t\t\t<div class=\"elementor-column elementor-col-100 elementor-top-column elementor-element elementor-element-ab62453\" data-id=\"ab62453\" data-element_type=\"column\">\n\t\t\t<div class=\"elementor-widget-wrap elementor-element-populated\">\n\t\t\t\t\t\t\t\t<div class=\"elementor-element elementor-element-679972c elementor-widget-divider--view-line elementor-widget elementor-widget-divider\" data-id=\"679972c\" data-element_type=\"widget\" data-widget_type=\"divider.default\">\n\t\t\t\t<div class=\"elementor-widget-container\">\n\t\t\t\t\t<div class=\"elementor-divider\">\n\t\t\t<span class=\"elementor-divider-separator\">\n\t\t\t\t\t\t<\/span>\n\t\t<\/div>\n\t\t\t\t<\/div>\n\t\t\t\t<\/div>\n\t\t\t\t\t<\/div>\n\t\t<\/div>\n\t\t\t\t\t\t\t<\/div>\n\t\t<\/section>\n\t\t\t\t<section class=\"elementor-section elementor-top-section elementor-element elementor-element-45793bc elementor-section-boxed elementor-section-height-default elementor-section-height-default\" data-id=\"45793bc\" data-element_type=\"section\">\n\t\t\t\t\t\t<div class=\"elementor-container elementor-column-gap-default\">\n\t\t\t\t\t<div class=\"elementor-column elementor-col-100 elementor-top-column elementor-element elementor-element-0faae5b\" data-id=\"0faae5b\" data-element_type=\"column\">\n\t\t\t<div class=\"elementor-widget-wrap elementor-element-populated\">\n\t\t\t\t\t\t\t\t<div class=\"elementor-element elementor-element-2313bad elementor-widget elementor-widget-text-editor\" data-id=\"2313bad\" data-element_type=\"widget\" data-widget_type=\"text-editor.default\">\n\t\t\t\t<div class=\"elementor-widget-container\">\n\t\t\t\t\t\t\t\t<h2><i><span style=\"font-weight: 400;\">Jednotka se rozd\u011bluje na dva p\u011bchotn\u00ed od\u0159ady, leteck\u00fd od\u0159ad a aktivn\u00ed<\/span><\/i><span style=\"font-weight: 400;\"> z\u00e1lohy.<\/span><\/h2>\t\t\t\t\t\t<\/div>\n\t\t\t\t<\/div>\n\t\t\t\t\t<\/div>\n\t\t<\/div>\n\t\t\t\t\t\t\t<\/div>\n\t\t<\/section>\n\t\t\t\t<section class=\"elementor-section elementor-top-section elementor-element elementor-element-ec7fc33 elementor-section-boxed elementor-section-height-default elementor-section-height-default\" data-id=\"ec7fc33\" data-element_type=\"section\">\n\t\t\t\t\t\t<div class=\"elementor-container elementor-column-gap-default\">\n\t\t\t\t\t<div class=\"elementor-column elementor-col-33 elementor-top-column elementor-element elementor-element-17fb686\" data-id=\"17fb686\" data-element_type=\"column\">\n\t\t\t<div class=\"elementor-widget-wrap elementor-element-populated\">\n\t\t\t\t\t\t\t\t<div class=\"elementor-element elementor-element-4ec9d6e elementor-widget elementor-widget-image\" data-id=\"4ec9d6e\" data-element_type=\"widget\" data-widget_type=\"image.default\">\n\t\t\t\t<div class=\"elementor-widget-container\">\n\t\t\t\t\t\t\t\t\t\t\t\t\t\t\t<img src=\"https:\/\/www.3skss.cz\/wp-content\/uploads\/elementor\/thumbs\/gambitpix4-pj0cr1b5fyztmmqwq81zgwn6c6h1hth2mnl9ybfwws.png\" title=\"gambitpix4\" alt=\"gambitpix4\" \/>\t\t\t\t\t\t\t\t\t\t\t\t\t\t\t<\/div>\n\t\t\t\t<\/div>\n\t\t\t\t\t<\/div>\n\t\t<\/div>\n\t\t\t\t<div class=\"elementor-column elementor-col-33 elementor-top-column elementor-element elementor-element-ab24baa\" data-id=\"ab24baa\" data-element_type=\"column\">\n\t\t\t<div class=\"elementor-widget-wrap elementor-element-populated\">\n\t\t\t\t\t\t\t\t<div class=\"elementor-element elementor-element-9289c21 elementor-widget elementor-widget-text-editor\" data-id=\"9289c21\" data-element_type=\"widget\" data-widget_type=\"text-editor.default\">\n\t\t\t\t<div class=\"elementor-widget-container\">\n\t\t\t\t\t\t\t\t<h5><i><span style=\"font-weight: 400;\">Hlavn\u00ed p\u00e1te\u0159 tvo\u0159\u00ed p\u011bchotn\u00ed od\u0159ady. Zde nalezne\u0161 z\u00e1zem\u00ed pro ve\u0161kerou taktickou a opera\u010dn\u00ed \u010dinnost na zemi. <\/span><\/i><\/h5>\t\t\t\t\t\t<\/div>\n\t\t\t\t<\/div>\n\t\t\t\t\t<\/div>\n\t\t<\/div>\n\t\t\t\t<div class=\"elementor-column elementor-col-33 elementor-top-column elementor-element elementor-element-33a7471\" data-id=\"33a7471\" data-element_type=\"column\">\n\t\t\t<div class=\"elementor-widget-wrap elementor-element-populated\">\n\t\t\t\t\t\t\t\t<div class=\"elementor-element elementor-element-6b62301 elementor-widget elementor-widget-image\" data-id=\"6b62301\" data-element_type=\"widget\" data-widget_type=\"image.default\">\n\t\t\t\t<div class=\"elementor-widget-container\">\n\t\t\t\t\t\t\t\t\t\t\t\t\t\t\t<img src=\"https:\/\/www.3skss.cz\/wp-content\/uploads\/elementor\/thumbs\/spartanpix3-pj0ccexj4qz90zzi3wiwolh1oejhrbfdya9d7d4dp8.png\" title=\"spartanpix3\" alt=\"spartanpix3\" \/>\t\t\t\t\t\t\t\t\t\t\t\t\t\t\t<\/div>\n\t\t\t\t<\/div>\n\t\t\t\t\t<\/div>\n\t\t<\/div>\n\t\t\t\t\t\t\t<\/div>\n\t\t<\/section>\n\t\t\t\t<section class=\"elementor-section elementor-top-section elementor-element elementor-element-00f6989 elementor-section-boxed elementor-section-height-default elementor-section-height-default\" data-id=\"00f6989\" data-element_type=\"section\">\n\t\t\t\t\t\t<div class=\"elementor-container elementor-column-gap-default\">\n\t\t\t\t\t<div class=\"elementor-column elementor-col-100 elementor-top-column elementor-element elementor-element-278e44e\" data-id=\"278e44e\" data-element_type=\"column\">\n\t\t\t<div class=\"elementor-widget-wrap elementor-element-populated\">\n\t\t\t\t\t\t\t\t<div class=\"elementor-element elementor-element-66c2f68 elementor-widget-divider--view-line elementor-widget elementor-widget-divider\" data-id=\"66c2f68\" data-element_type=\"widget\" data-widget_type=\"divider.default\">\n\t\t\t\t<div class=\"elementor-widget-container\">\n\t\t\t\t\t<div class=\"elementor-divider\">\n\t\t\t<span class=\"elementor-divider-separator\">\n\t\t\t\t\t\t<\/span>\n\t\t<\/div>\n\t\t\t\t<\/div>\n\t\t\t\t<\/div>\n\t\t\t\t\t<\/div>\n\t\t<\/div>\n\t\t\t\t\t\t\t<\/div>\n\t\t<\/section>\n\t\t\t\t<section class=\"elementor-section elementor-top-section elementor-element elementor-element-a00480c elementor-section-boxed elementor-section-height-default elementor-section-height-default\" data-id=\"a00480c\" data-element_type=\"section\">\n\t\t\t\t\t\t<div class=\"elementor-container elementor-column-gap-default\">\n\t\t\t\t\t<div class=\"elementor-column elementor-col-33 elementor-top-column elementor-element elementor-element-5b32eba\" data-id=\"5b32eba\" data-element_type=\"column\">\n\t\t\t<div class=\"elementor-widget-wrap elementor-element-populated\">\n\t\t\t\t\t\t\t\t<div class=\"elementor-element elementor-element-52ec641 elementor-widget elementor-widget-image\" data-id=\"52ec641\" data-element_type=\"widget\" data-widget_type=\"image.default\">\n\t\t\t\t<div class=\"elementor-widget-container\">\n\t\t\t\t\t\t\t\t\t\t\t\t\t\t\t<img src=\"https:\/\/www.3skss.cz\/wp-content\/uploads\/elementor\/thumbs\/LosoPix3-pj0cjhnskunyfbphsgmsyb6yntnypain9b1y9cmov0.png\" title=\"LosoPix3\" alt=\"LosoPix3\" \/>\t\t\t\t\t\t\t\t\t\t\t\t\t\t\t<\/div>\n\t\t\t\t<\/div>\n\t\t\t\t\t<\/div>\n\t\t<\/div>\n\t\t\t\t<div class=\"elementor-column elementor-col-33 elementor-top-column elementor-element elementor-element-871348f\" data-id=\"871348f\" data-element_type=\"column\">\n\t\t\t<div class=\"elementor-widget-wrap elementor-element-populated\">\n\t\t\t\t\t\t\t\t<div class=\"elementor-element elementor-element-0916a30 elementor-widget elementor-widget-text-editor\" data-id=\"0916a30\" data-element_type=\"widget\" data-widget_type=\"text-editor.default\">\n\t\t\t\t<div class=\"elementor-widget-container\">\n\t\t\t\t\t\t\t\t<p><span style=\"color: #ffffff;\"><i><span style=\"font-weight: 400;\">Leteck\u00fd od\u0159ad zaji\u0161\u0165uje p\u0159\u00edmou podporu pozemn\u00edm jednotk\u00e1m p\u0159i jak\u00e9koliv \u010dinnosti. A\u0165 se jedn\u00e1 o leteck\u00fd p\u0159esun \u010di CAS v sou\u010dinnosti s JTAC.<\/span><\/i><\/span><\/p>\n<p><span style=\"color: #ffffff;\"><i><span style=\"font-weight: 400;\">\u00a0\u00a0\u00a0\u00a0\u00a0\u00a0\u00a0\u00a0\u00a0\u00a0\u00a0\u00a0\u00a0\u00a0\u00a0\u00a0\u00a0\u00a0\u00a0\u00a0\u00a0\u00a0\u00a0\u00a0\u00a0\u00a0\u00a0\u00a0\u00a0\u00a0\u00a0\u00a0\u00a0\u00a0\u00a0\u00a0\u00a0\u00a0\u00a0\u00a0\u00a0\u00a0\u00a0\u00a0\u00a0\u00a0\u00a0\u00a0\u00a0\u00a0\u00a0\u00a0<\/span><\/i><\/span><\/p>\n<p><span style=\"color: #ffffff;\"><i><span style=\"font-weight: 400;\">Nem\u00e9n\u011b d\u016fle\u017eit\u00e9 pro n\u00e1s jsou i Aktivn\u00ed z\u00e1lohy, kter\u00e9 vznikly pro kolegy, kte\u0159\u00ed nemaj\u00ed mo\u017enost b\u00fdt pln\u011b aktivn\u00ed.<\/span><\/i><\/span><\/p>\t\t\t\t\t\t<\/div>\n\t\t\t\t<\/div>\n\t\t\t\t\t<\/div>\n\t\t<\/div>\n\t\t\t\t<div class=\"elementor-column elementor-col-33 elementor-top-column elementor-element elementor-element-0cda97a\" data-id=\"0cda97a\" data-element_type=\"column\">\n\t\t\t<div class=\"elementor-widget-wrap elementor-element-populated\">\n\t\t\t\t\t\t\t\t<div class=\"elementor-element elementor-element-bbb8e57 elementor-widget elementor-widget-image\" data-id=\"bbb8e57\" data-element_type=\"widget\" data-widget_type=\"image.default\">\n\t\t\t\t<div class=\"elementor-widget-container\">\n\t\t\t\t\t\t\t\t\t\t\t\t\t\t\t<img width=\"150\" height=\"150\" src=\"https:\/\/www.3skss.cz\/wp-content\/uploads\/2021\/05\/67774178_475223326663633_7825217962754703360_n-150x150.png\" class=\"attachment-thumbnail size-thumbnail\" alt=\"\" loading=\"lazy\" srcset=\"https:\/\/www.3skss.cz\/wp-content\/uploads\/2021\/05\/67774178_475223326663633_7825217962754703360_n-150x150.png 150w, https:\/\/www.3skss.cz\/wp-content\/uploads\/2021\/05\/67774178_475223326663633_7825217962754703360_n-300x300.png 300w, https:\/\/www.3skss.cz\/wp-content\/uploads\/2021\/05\/67774178_475223326663633_7825217962754703360_n-400x401.png 400w, https:\/\/www.3skss.cz\/wp-content\/uploads\/2021\/05\/67774178_475223326663633_7825217962754703360_n.png 591w\" sizes=\"(max-width: 150px) 100vw, 150px\" \/>\t\t\t\t\t\t\t\t\t\t\t\t\t\t\t<\/div>\n\t\t\t\t<\/div>\n\t\t\t\t\t<\/div>\n\t\t<\/div>\n\t\t\t\t\t\t\t<\/div>\n\t\t<\/section>\n\t\t\t\t<section class=\"elementor-section elementor-top-section elementor-element elementor-element-e02c9c9 elementor-section-boxed elementor-section-height-default elementor-section-height-default\" data-id=\"e02c9c9\" data-element_type=\"section\">\n\t\t\t\t\t\t<div class=\"elementor-container elementor-column-gap-default\">\n\t\t\t\t\t<div class=\"elementor-column elementor-col-100 elementor-top-column elementor-element elementor-element-6689ebd\" data-id=\"6689ebd\" data-element_type=\"column\">\n\t\t\t<div class=\"elementor-widget-wrap elementor-element-populated\">\n\t\t\t\t\t\t\t\t<div class=\"elementor-element elementor-element-c013268 elementor-widget elementor-widget-spacer\" data-id=\"c013268\" data-element_type=\"widget\" data-widget_type=\"spacer.default\">\n\t\t\t\t<div class=\"elementor-widget-container\">\n\t\t\t\t\t<div class=\"elementor-spacer\">\n\t\t\t<div class=\"elementor-spacer-inner\"><\/div>\n\t\t<\/div>\n\t\t\t\t<\/div>\n\t\t\t\t<\/div>\n\t\t\t\t\t<\/div>\n\t\t<\/div>\n\t\t\t\t\t\t\t<\/div>\n\t\t<\/section>\n\t\t\t\t<section class=\"elementor-section elementor-top-section elementor-element elementor-element-8e4b5da elementor-section-boxed elementor-section-height-default elementor-section-height-default\" data-id=\"8e4b5da\" data-element_type=\"section\">\n\t\t\t\t\t\t<div class=\"elementor-container elementor-column-gap-default\">\n\t\t\t\t\t<div class=\"elementor-column elementor-col-100 elementor-top-column elementor-element elementor-element-d080b22\" data-id=\"d080b22\" data-element_type=\"column\">\n\t\t\t<div class=\"elementor-widget-wrap elementor-element-populated\">\n\t\t\t\t\t\t\t\t<div class=\"elementor-element elementor-element-6265b67 elementor-widget-divider--view-line elementor-widget elementor-widget-divider\" data-id=\"6265b67\" data-element_type=\"widget\" data-widget_type=\"divider.default\">\n\t\t\t\t<div class=\"elementor-widget-container\">\n\t\t\t\t\t<div class=\"elementor-divider\">\n\t\t\t<span class=\"elementor-divider-separator\">\n\t\t\t\t\t\t<\/span>\n\t\t<\/div>\n\t\t\t\t<\/div>\n\t\t\t\t<\/div>\n\t\t\t\t\t<\/div>\n\t\t<\/div>\n\t\t\t\t\t\t\t<\/div>\n\t\t<\/section>\n\t\t\t\t<section class=\"elementor-section elementor-top-section elementor-element elementor-element-76d1e42 elementor-section-boxed elementor-section-height-default elementor-section-height-default\" data-id=\"76d1e42\" data-element_type=\"section\">\n\t\t\t\t\t\t<div class=\"elementor-container elementor-column-gap-default\">\n\t\t\t\t\t<div class=\"elementor-column elementor-col-100 elementor-top-column elementor-element elementor-element-a43963a\" data-id=\"a43963a\" data-element_type=\"column\">\n\t\t\t<div class=\"elementor-widget-wrap elementor-element-populated\">\n\t\t\t\t\t\t\t\t<div class=\"elementor-element elementor-element-6a75982 elementor-widget elementor-widget-text-editor\" data-id=\"6a75982\" data-element_type=\"widget\" data-widget_type=\"text-editor.default\">\n\t\t\t\t<div class=\"elementor-widget-container\">\n\t\t\t\t\t\t\t\t\t\t\t\t\t\t<\/div>\n\t\t\t\t<\/div>\n\t\t\t\t\t<\/div>\n\t\t<\/div>\n\t\t\t\t\t\t\t<\/div>\n\t\t<\/section>\n\t\t\t\t\t\t<\/div>\n\t\t\t\t\t<\/div>\n\t\t","protected":false},"excerpt":{"rendered":"<p>Chce\u0161 se o na\u0161\u00ed skupin\u011b dozv\u011bd\u011bt v\u00edce? Tak nev\u00e1hej a \u010dti d\u00e1l &#8230; 3.skss.\u00a0 Komunita, kde m\u00e1 ka\u017ed\u00fd zku\u0161en\u00fd hr\u00e1\u010d \u0161anci uk\u00e1zat co um\u00ed a nov\u00e1\u010dek zde najde \u0161anci nau\u010dit&hellip;<a href=\"https:\/\/www.3skss.cz\/index.php\/o-nas\/\" class=\"more-link\"><span class=\"more-button\">Continue reading<span class=\"screen-reader-text\">O n\u00e1s<\/span><\/span><\/a><\/p>\n","protected":false},"author":4,"featured_media":0,"parent":0,"menu_order":0,"comment_status":"closed","ping_status":"closed","template":"","meta":[],"_links":{"self":[{"href":"https:\/\/www.3skss.cz\/index.php\/wp-json\/wp\/v2\/pages\/908"}],"collection":[{"href":"https:\/\/www.3skss.cz\/index.php\/wp-json\/wp\/v2\/pages"}],"about":[{"href":"https:\/\/www.3skss.cz\/index.php\/wp-json\/wp\/v2\/types\/page"}],"author":[{"embeddable":true,"href":"https:\/\/www.3skss.cz\/index.php\/wp-json\/wp\/v2\/users\/4"}],"replies":[{"embeddable":true,"href":"https:\/\/www.3skss.cz\/index.php\/wp-json\/wp\/v2\/comments?post=908"}],"version-history":[{"count":45,"href":"https:\/\/www.3skss.cz\/index.php\/wp-json\/wp\/v2\/pages\/908\/revisions"}],"predecessor-version":[{"id":1783,"href":"https:\/\/www.3skss.cz\/index.php\/wp-json\/wp\/v2\/pages\/908\/revisions\/1783"}],"wp:attachment":[{"href":"https:\/\/www.3skss.cz\/index.php\/wp-json\/wp\/v2\/media?parent=908"}],"curies":[{"name":"wp","href":"https:\/\/api.w.org\/{rel}","templated":true}]}}