{"id":906,"date":"2020-10-16T23:33:07","date_gmt":"2020-10-16T23:33:07","guid":{"rendered":"https:\/\/3skss.cz\/?page_id=906"},"modified":"2023-05-17T13:24:26","modified_gmt":"2023-05-17T13:24:26","slug":"pridej-se","status":"publish","type":"page","link":"https:\/\/www.3skss.cz\/index.php\/pridej-se\/","title":{"rendered":"P\u0159idej se!"},"content":{"rendered":"\t\t<div data-elementor-type=\"wp-page\" data-elementor-id=\"906\" class=\"elementor elementor-906\" data-elementor-settings=\"[]\">\n\t\t\t\t\t\t\t<div class=\"elementor-section-wrap\">\n\t\t\t\t\t\t\t<section class=\"elementor-section elementor-top-section elementor-element elementor-element-330bc19 elementor-section-boxed elementor-section-height-default elementor-section-height-default\" data-id=\"330bc19\" data-element_type=\"section\">\n\t\t\t\t\t\t<div class=\"elementor-container elementor-column-gap-default\">\n\t\t\t\t\t<div class=\"elementor-column elementor-col-100 elementor-top-column elementor-element elementor-element-924d4ef\" data-id=\"924d4ef\" data-element_type=\"column\">\n\t\t\t<div class=\"elementor-widget-wrap elementor-element-populated\">\n\t\t\t\t\t\t\t\t<div class=\"elementor-element elementor-element-2264ab0 elementor-widget elementor-widget-heading\" data-id=\"2264ab0\" data-element_type=\"widget\" data-widget_type=\"heading.default\">\n\t\t\t\t<div class=\"elementor-widget-container\">\n\t\t\t<h1 class=\"elementor-heading-title elementor-size-xl\"><p>P\u0159idej se k 3.SKSS<span style=\"color: var( --e-global-color-primary ); font-family: var( --e-global-typography-primary-font-family ), Sans-serif; font-size: 2.8rem; font-weight: var( --e-global-typography-primary-font-weight );\"><\/span><\/p><\/h1>\t\t<\/div>\n\t\t\t\t<\/div>\n\t\t\t\t\t<\/div>\n\t\t<\/div>\n\t\t\t\t\t\t\t<\/div>\n\t\t<\/section>\n\t\t\t\t<section class=\"elementor-section elementor-top-section elementor-element elementor-element-8619e1b elementor-section-boxed elementor-section-height-default elementor-section-height-default\" data-id=\"8619e1b\" data-element_type=\"section\">\n\t\t\t\t\t\t<div class=\"elementor-container elementor-column-gap-default\">\n\t\t\t\t\t<div class=\"elementor-column elementor-col-100 elementor-top-column elementor-element elementor-element-260f62a\" data-id=\"260f62a\" data-element_type=\"column\">\n\t\t\t<div class=\"elementor-widget-wrap elementor-element-populated\">\n\t\t\t\t\t\t\t\t<div class=\"elementor-element elementor-element-de0fb4f elementor-widget elementor-widget-text-editor\" data-id=\"de0fb4f\" data-element_type=\"widget\" data-widget_type=\"text-editor.default\">\n\t\t\t\t<div class=\"elementor-widget-container\">\n\t\t\t\t\t\t\t\t<p><!-- \/wp:paragraph --><!-- wp:paragraph {\"style\":{\"typography\":{\"fontSize\":25}}} --><\/p>\n<p>Pokud jsi do\u0161el a\u017e sem, tak by t\u011b m\u011bli zaj\u00edmat tyto informace.<br \/><br \/>Tv\u016fj z\u00e1jem n\u00e1s velice t\u011b\u0161\u00ed, ale je\u0161t\u011b ne\u017e si nap\u00ed\u0161e\u0161 p\u0159ihl\u00e1\u0161ku, je pot\u0159eba si narovinu \u201epov\u011bd\u011bt\u201c p\u00e1r v\u011bc\u00ed:<br \/>Velice si zakl\u00e1d\u00e1me na vz\u00e1jemn\u00e9m respektu. A rozhodn\u011b v\u0159ele v\u00edt\u00e1me jak nov\u00e1\u010dky, tak ost\u0159\u00edlen\u00e9 veter\u00e1ny. Nicm\u00e9n\u011b v\u011bta: \u201eJ\u00e1 jsem nejlep\u0161\u00ed a um\u00edm v\u0161e.\u201c u n\u00e1s zkr\u00e1tka nefunguje. R\u00e1di se u\u010d\u00edme od nov\u00fdch lid\u00ed a r\u00e1di u\u010d\u00edme nov\u00e9 lidi. Je to symbi\u00f3za, kter\u00e1 n\u00e1m funguje ji\u017e del\u0161\u00ed dobu, a proto jak\u00e9koli naru\u0161en\u00ed nen\u00ed tolerov\u00e1no. Mravnost a pokora je to, na \u010dem stoj\u00ed \u00fasp\u011bch na\u0161\u00ed komunity a hodl\u00e1me to chr\u00e1nit. Proto zva\u017e, zda zapad\u00e1\u0161 sm\u00fd\u0161len\u00edm do t\u00e9to politiky.<\/p>\n<p>Pokud ano, tak jsi na spr\u00e1vn\u00e9m m\u00edst\u011b. Jestli p\u0159inese\u0161 zlep\u0161ov\u00e1ky nebo n\u00e1pady, rozhodn\u011b nez\u016fstanou nepov\u0161imnuty!<\/p>\n<p>Nyn\u00ed pros\u00edm vypl\u0148 dotazn\u00edk a pot\u00e9 kontaktuj personalistu na na\u0161em Discordu: <a href=\"https:\/\/discord.gg\/Xy8gUjNq5H\">https:\/\/discord.gg\/Xy8gUjNq5H<\/a>.<\/p>\n<p>Budem se t\u011b\u0161it!<\/p>\t\t\t\t\t\t<\/div>\n\t\t\t\t<\/div>\n\t\t\t\t\t<\/div>\n\t\t<\/div>\n\t\t\t\t\t\t\t<\/div>\n\t\t<\/section>\n\t\t\t\t<section class=\"elementor-section elementor-top-section elementor-element elementor-element-c36f1d9 elementor-section-boxed elementor-section-height-default elementor-section-height-default\" data-id=\"c36f1d9\" data-element_type=\"section\">\n\t\t\t\t\t\t<div class=\"elementor-container elementor-column-gap-default\">\n\t\t\t\t\t<div class=\"elementor-column elementor-col-100 elementor-top-column elementor-element elementor-element-3f28120\" data-id=\"3f28120\" data-element_type=\"column\">\n\t\t\t<div class=\"elementor-widget-wrap elementor-element-populated\">\n\t\t\t\t\t\t\t\t<div class=\"elementor-element elementor-element-e60fb63 elementor-widget elementor-widget-spacer\" data-id=\"e60fb63\" data-element_type=\"widget\" data-widget_type=\"spacer.default\">\n\t\t\t\t<div class=\"elementor-widget-container\">\n\t\t\t\t\t<div class=\"elementor-spacer\">\n\t\t\t<div class=\"elementor-spacer-inner\"><\/div>\n\t\t<\/div>\n\t\t\t\t<\/div>\n\t\t\t\t<\/div>\n\t\t\t\t\t<\/div>\n\t\t<\/div>\n\t\t\t\t\t\t\t<\/div>\n\t\t<\/section>\n\t\t\t\t<section class=\"elementor-section elementor-top-section elementor-element elementor-element-1274014 elementor-section-boxed elementor-section-height-default elementor-section-height-default\" data-id=\"1274014\" data-element_type=\"section\">\n\t\t\t\t\t\t<div class=\"elementor-container elementor-column-gap-default\">\n\t\t\t\t\t<div class=\"elementor-column elementor-col-100 elementor-top-column elementor-element elementor-element-d0de88d\" data-id=\"d0de88d\" data-element_type=\"column\">\n\t\t\t<div class=\"elementor-widget-wrap elementor-element-populated\">\n\t\t\t\t\t\t\t\t<div class=\"elementor-element elementor-element-2bee63d elementor-widget elementor-widget-spacer\" data-id=\"2bee63d\" data-element_type=\"widget\" data-widget_type=\"spacer.default\">\n\t\t\t\t<div class=\"elementor-widget-container\">\n\t\t\t\t\t<div class=\"elementor-spacer\">\n\t\t\t<div class=\"elementor-spacer-inner\"><\/div>\n\t\t<\/div>\n\t\t\t\t<\/div>\n\t\t\t\t<\/div>\n\t\t\t\t\t<\/div>\n\t\t<\/div>\n\t\t\t\t\t\t\t<\/div>\n\t\t<\/section>\n\t\t\t\t<section class=\"elementor-section elementor-top-section elementor-element elementor-element-bfa6c9a elementor-section-boxed elementor-section-height-default elementor-section-height-default\" data-id=\"bfa6c9a\" data-element_type=\"section\">\n\t\t\t\t\t\t<div class=\"elementor-container elementor-column-gap-default\">\n\t\t\t\t\t<div class=\"elementor-column elementor-col-100 elementor-top-column elementor-element elementor-element-4408f99\" data-id=\"4408f99\" data-element_type=\"column\">\n\t\t\t<div class=\"elementor-widget-wrap elementor-element-populated\">\n\t\t\t\t\t\t\t\t<div class=\"elementor-element elementor-element-678eef3 elementor-align-center elementor-widget elementor-widget-button\" data-id=\"678eef3\" data-element_type=\"widget\" data-widget_type=\"button.default\">\n\t\t\t\t<div class=\"elementor-widget-container\">\n\t\t\t\t\t<div class=\"elementor-button-wrapper\">\n\t\t\t<a href=\"https:\/\/docs.google.com\/forms\/d\/e\/1FAIpQLSdROgvO5cZg16z5J-QO5hEQyK_N_k4EEFFthTrr8a-m3bJCXA\/viewform\" class=\"elementor-button-link elementor-button elementor-size-xl\" role=\"button\">\n\t\t\t\t\t\t<span class=\"elementor-button-content-wrapper\">\n\t\t\t\t\t\t<span class=\"elementor-button-text\">N\u00e1bor otev\u0159en<\/span>\n\t\t<\/span>\n\t\t\t\t\t<\/a>\n\t\t<\/div>\n\t\t\t\t<\/div>\n\t\t\t\t<\/div>\n\t\t\t\t\t<\/div>\n\t\t<\/div>\n\t\t\t\t\t\t\t<\/div>\n\t\t<\/section>\n\t\t\t\t\t\t<\/div>\n\t\t\t\t\t<\/div>\n\t\t","protected":false},"excerpt":{"rendered":"<p>P\u0159idej se k 3.SKSS Pokud jsi do\u0161el a\u017e sem, tak by t\u011b m\u011bli zaj\u00edmat tyto informace.Tv\u016fj z\u00e1jem n\u00e1s velice t\u011b\u0161\u00ed, ale je\u0161t\u011b ne\u017e si nap\u00ed\u0161e\u0161 p\u0159ihl\u00e1\u0161ku, je pot\u0159eba si narovinu&hellip;<a href=\"https:\/\/www.3skss.cz\/index.php\/pridej-se\/\" class=\"more-link\"><span class=\"more-button\">Continue reading<span class=\"screen-reader-text\">P\u0159idej se!<\/span><\/span><\/a><\/p>\n","protected":false},"author":4,"featured_media":0,"parent":0,"menu_order":0,"comment_status":"closed","ping_status":"closed","template":"","meta":[],"_links":{"self":[{"href":"https:\/\/www.3skss.cz\/index.php\/wp-json\/wp\/v2\/pages\/906"}],"collection":[{"href":"https:\/\/www.3skss.cz\/index.php\/wp-json\/wp\/v2\/pages"}],"about":[{"href":"https:\/\/www.3skss.cz\/index.php\/wp-json\/wp\/v2\/types\/page"}],"author":[{"embeddable":true,"href":"https:\/\/www.3skss.cz\/index.php\/wp-json\/wp\/v2\/users\/4"}],"replies":[{"embeddable":true,"href":"https:\/\/www.3skss.cz\/index.php\/wp-json\/wp\/v2\/comments?post=906"}],"version-history":[{"count":105,"href":"https:\/\/www.3skss.cz\/index.php\/wp-json\/wp\/v2\/pages\/906\/revisions"}],"predecessor-version":[{"id":1874,"href":"https:\/\/www.3skss.cz\/index.php\/wp-json\/wp\/v2\/pages\/906\/revisions\/1874"}],"wp:attachment":[{"href":"https:\/\/www.3skss.cz\/index.php\/wp-json\/wp\/v2\/media?parent=906"}],"curies":[{"name":"wp","href":"https:\/\/api.w.org\/{rel}","templated":true}]}}